{"id":21434,"date":"2020-11-06T16:13:52","date_gmt":"2020-11-06T21:13:52","guid":{"rendered":"https:\/\/homeshows.com\/contactenos\/"},"modified":"2023-12-19T05:37:26","modified_gmt":"2023-12-19T10:37:26","slug":"contactenos","status":"publish","type":"page","link":"https:\/\/homeshows.com\/es\/contactenos\/","title":{"rendered":"Cont\u00e1ctenos"},"content":{"rendered":"\t\t<div data-elementor-type=\"wp-page\" data-elementor-id=\"21434\" class=\"elementor elementor-21434 elementor-1026\" data-elementor-settings=\"{&quot;ha_cmc_init_switcher&quot;:&quot;no&quot;}\" data-elementor-post-type=\"page\">\n\t\t\t\t\t\t<section class=\"elementor-section elementor-top-section elementor-element elementor-element-2af61fa7 elementor-section-height-min-height elementor-section-boxed elementor-section-height-default elementor-section-items-middle\" data-id=\"2af61fa7\" data-element_type=\"section\" data-settings=\"{&quot;background_background&quot;:&quot;classic&quot;,&quot;_ha_eqh_enable&quot;:false}\">\n\t\t\t\t\t\t<div class=\"elementor-container elementor-column-gap-default\">\n\t\t\t\t\t<div class=\"elementor-column elementor-col-100 elementor-top-column elementor-element elementor-element-13836218\" data-id=\"13836218\" data-element_type=\"column\">\n\t\t\t<div class=\"elementor-widget-wrap elementor-element-populated\">\n\t\t\t\t\t\t<div class=\"elementor-element elementor-element-1615e837 elementor-widget elementor-widget-heading\" data-id=\"1615e837\" data-element_type=\"widget\" data-widget_type=\"heading.default\">\n\t\t\t\t<div class=\"elementor-widget-container\">\n\t\t\t<h1 class=\"elementor-heading-title elementor-size-default\">Cont\u00e1ctenos<\/h1>\t\t<\/div>\n\t\t\t\t<\/div>\n\t\t\t\t\t<\/div>\n\t\t<\/div>\n\t\t\t\t\t<\/div>\n\t\t<\/section>\n\t\t\t\t<section class=\"elementor-section elementor-inner-section elementor-element elementor-element-6feadead elementor-section-boxed elementor-section-height-default elementor-section-height-default\" data-id=\"6feadead\" data-element_type=\"section\" data-settings=\"{&quot;_ha_eqh_enable&quot;:false}\">\n\t\t\t\t\t\t<div class=\"elementor-container elementor-column-gap-default\">\n\t\t\t\t\t<div class=\"elementor-column elementor-col-100 elementor-inner-column elementor-element elementor-element-113827fa\" data-id=\"113827fa\" data-element_type=\"column\">\n\t\t\t<div class=\"elementor-widget-wrap elementor-element-populated\">\n\t\t\t\t\t\t<div class=\"elementor-element elementor-element-5e4d5a4 elementor-widget elementor-widget-spacer\" data-id=\"5e4d5a4\" data-element_type=\"widget\" data-widget_type=\"spacer.default\">\n\t\t\t\t<div class=\"elementor-widget-container\">\n\t\t\t\t\t<div class=\"elementor-spacer\">\n\t\t\t<div class=\"elementor-spacer-inner\"><\/div>\n\t\t<\/div>\n\t\t\t\t<\/div>\n\t\t\t\t<\/div>\n\t\t\t\t<div class=\"elementor-element elementor-element-45605225 elementor-widget elementor-widget-heading\" data-id=\"45605225\" data-element_type=\"widget\" data-widget_type=\"heading.default\">\n\t\t\t\t<div class=\"elementor-widget-container\">\n\t\t\t<h2 class=\"elementor-heading-title elementor-size-default\">\u00a1Contemos tu historia!<\/h2>\t\t<\/div>\n\t\t\t\t<\/div>\n\t\t\t\t<div class=\"elementor-element elementor-element-7f7b7be8 elementor-widget elementor-widget-text-editor\" data-id=\"7f7b7be8\" data-element_type=\"widget\" data-widget_type=\"text-editor.default\">\n\t\t\t\t<div class=\"elementor-widget-container\">\n\t\t\t\t\t\t\t<p>Usted es un l\u00edder en la industria del dise\u00f1o o mejoramiento del hogar y tiene una historia que contar.&nbsp;<\/p>\n<p>Complete el siguiente formulario para contarnos un poco sobre usted y su marca. Nuestro objetivo es llevar a las mejores marcas y profesionales a la vanguardia para posicionar mejor a las industrias como la autoridad en su comercio.&nbsp;<\/p>\n<p>Uno de los miembros de nuestro equipo se comunicar\u00e1 con usted en breve para analizar c\u00f3mo podemos ayudarlo a contar su historia y ubicarlo en el destino m\u00e1s confiable del sur de la Florida para el dise\u00f1o y la mejora del hogar.<\/p>\n\t\t\t\t\t\t<\/div>\n\t\t\t\t<\/div>\n\t\t\t\t\t<\/div>\n\t\t<\/div>\n\t\t\t\t\t<\/div>\n\t\t<\/section>\n\t\t\t\t<section class=\"elementor-section elementor-top-section elementor-element elementor-element-46bcd64 elementor-hidden-desktop elementor-hidden-tablet elementor-hidden-mobile elementor-section-boxed elementor-section-height-default elementor-section-height-default\" data-id=\"46bcd64\" data-element_type=\"section\" data-settings=\"{&quot;background_background&quot;:&quot;classic&quot;,&quot;_ha_eqh_enable&quot;:false}\">\n\t\t\t\t\t\t<div class=\"elementor-container elementor-column-gap-default\">\n\t\t\t\t\t<div class=\"elementor-column elementor-col-16 elementor-top-column elementor-element elementor-element-6a32ded\" data-id=\"6a32ded\" data-element_type=\"column\">\n\t\t\t<div class=\"elementor-widget-wrap\">\n\t\t\t\t\t\t\t<\/div>\n\t\t<\/div>\n\t\t\t\t<div class=\"elementor-column elementor-col-66 elementor-top-column elementor-element elementor-element-b3e95f3\" data-id=\"b3e95f3\" data-element_type=\"column\">\n\t\t\t<div class=\"elementor-widget-wrap elementor-element-populated\">\n\t\t\t\t\t\t<div class=\"elementor-element elementor-element-ce6f30d elementor-widget elementor-widget-heading\" data-id=\"ce6f30d\" data-element_type=\"widget\" data-widget_type=\"heading.default\">\n\t\t\t\t<div class=\"elementor-widget-container\">\n\t\t\t<h2 class=\"elementor-heading-title elementor-size-default\">Mandanos un mensaje<\/h2>\t\t<\/div>\n\t\t\t\t<\/div>\n\t\t\t\t<div class=\"elementor-element elementor-element-5ac38d2 elementor-button-align-center elementor-widget elementor-widget-form\" data-id=\"5ac38d2\" data-element_type=\"widget\" data-settings=\"{&quot;step_next_label&quot;:&quot;Pr\\u00f3ximo&quot;,&quot;step_previous_label&quot;:&quot;Anterior&quot;,&quot;button_width&quot;:&quot;100&quot;,&quot;step_type&quot;:&quot;number_text&quot;,&quot;step_icon_shape&quot;:&quot;circle&quot;}\" data-widget_type=\"form.default\">\n\t\t\t\t<div class=\"elementor-widget-container\">\n\t\t\t\t\t<form class=\"elementor-form\" method=\"post\" id=\"Contact_us\" name=\"Cont\u00e1ctenos\">\n\t\t\t<input type=\"hidden\" name=\"post_id\" value=\"21434\"\/>\n\t\t\t<input type=\"hidden\" name=\"form_id\" value=\"5ac38d2\"\/>\n\t\t\t<input type=\"hidden\" name=\"referer_title\" value=\"Home Shows\" \/>\n\n\t\t\t\n\t\t\t<div class=\"elementor-form-fields-wrapper elementor-labels-\">\n\t\t\t\t\t\t\t\t<div class=\"elementor-field-type-html elementor-field-group elementor-column elementor-field-group-field_eca877e elementor-col-20\">\n\t\t\t\t\t<span>Sujeto:<\/span>\t\t\t\t<\/div>\n\t\t\t\t\t\t\t\t<div class=\"elementor-field-type-text elementor-field-group elementor-column elementor-field-group-field_5eb5d2e elementor-col-80\">\n\t\t\t\t\t\t\t\t\t\t\t\t<label for=\"form-field-field_5eb5d2e\" class=\"elementor-field-label elementor-screen-only\">\n\t\t\t\t\t\t\t\tSujeto\t\t\t\t\t\t\t<\/label>\n\t\t\t\t\t\t\t\t\t\t\t\t\t\t<input size=\"1\" type=\"text\" name=\"form_fields[field_5eb5d2e]\" id=\"form-field-field_5eb5d2e\" class=\"elementor-field elementor-size-sm  elementor-field-textual\">\n\t\t\t\t\t\t\t\t\t\t\t<\/div>\n\t\t\t\t\t\t\t\t<div class=\"elementor-field-type-html elementor-field-group elementor-column elementor-field-group-field_1484269 elementor-col-20\">\n\t\t\t\t\t<span>Nombre:<\/span>\t\t\t\t<\/div>\n\t\t\t\t\t\t\t\t<div class=\"elementor-field-type-text elementor-field-group elementor-column elementor-field-group-name elementor-col-80 elementor-field-required\">\n\t\t\t\t\t\t\t\t\t\t\t\t<label for=\"form-field-name\" class=\"elementor-field-label elementor-screen-only\">\n\t\t\t\t\t\t\t\tNombre\t\t\t\t\t\t\t<\/label>\n\t\t\t\t\t\t\t\t\t\t\t\t\t\t<input size=\"1\" type=\"text\" name=\"form_fields[name]\" id=\"form-field-name\" class=\"elementor-field elementor-size-sm  elementor-field-textual\" required=\"required\" aria-required=\"true\">\n\t\t\t\t\t\t\t\t\t\t\t<\/div>\n\t\t\t\t\t\t\t\t<div class=\"elementor-field-type-html elementor-field-group elementor-column elementor-field-group-field_64475db elementor-col-20\">\n\t\t\t\t\t<span>Correo electr\u00f3nico:<\/span>\t\t\t\t<\/div>\n\t\t\t\t\t\t\t\t<div class=\"elementor-field-type-email elementor-field-group elementor-column elementor-field-group-email elementor-col-80 elementor-field-required\">\n\t\t\t\t\t\t\t\t\t\t\t\t<label for=\"form-field-email\" class=\"elementor-field-label elementor-screen-only\">\n\t\t\t\t\t\t\t\tCorreo electr\u00f3nico\t\t\t\t\t\t\t<\/label>\n\t\t\t\t\t\t\t\t\t\t\t\t\t\t<input size=\"1\" type=\"email\" name=\"form_fields[email]\" id=\"form-field-email\" class=\"elementor-field elementor-size-sm  elementor-field-textual\" required=\"required\" aria-required=\"true\">\n\t\t\t\t\t\t\t\t\t\t\t<\/div>\n\t\t\t\t\t\t\t\t<div class=\"elementor-field-type-html elementor-field-group elementor-column elementor-field-group-field_b28b485 elementor-col-20\">\n\t\t\t\t\t<span>Tel\u00e9fono:<\/span>\t\t\t\t<\/div>\n\t\t\t\t\t\t\t\t<div class=\"elementor-field-type-tel elementor-field-group elementor-column elementor-field-group-field_6a1372f elementor-col-80 elementor-field-required\">\n\t\t\t\t\t\t\t\t\t\t\t\t<label for=\"form-field-field_6a1372f\" class=\"elementor-field-label elementor-screen-only\">\n\t\t\t\t\t\t\t\tTel\u00e9fono\t\t\t\t\t\t\t<\/label>\n\t\t\t\t\t\t\t\t<input size=\"1\" type=\"tel\" name=\"form_fields[field_6a1372f]\" id=\"form-field-field_6a1372f\" class=\"elementor-field elementor-size-sm  elementor-field-textual\" required=\"required\" aria-required=\"true\" pattern=\"[0-9()#&amp;+*-=.]+\" title=\"Solo se aceptan n\u00fameros y caracteres de tel\u00e9fono (#,-,*,etc).\">\n\n\t\t\t\t\t\t<\/div>\n\t\t\t\t\t\t\t\t<div class=\"elementor-field-type-html elementor-field-group elementor-column elementor-field-group-field_4352df1 elementor-col-20\">\n\t\t\t\t\t<span>Compa\u00f1\u00eda:<\/span>\t\t\t\t<\/div>\n\t\t\t\t\t\t\t\t<div class=\"elementor-field-type-text elementor-field-group elementor-column elementor-field-group-field_d8e4e38 elementor-col-80\">\n\t\t\t\t\t\t\t\t\t\t\t\t<label for=\"form-field-field_d8e4e38\" class=\"elementor-field-label elementor-screen-only\">\n\t\t\t\t\t\t\t\tNombre de empresa:\t\t\t\t\t\t\t<\/label>\n\t\t\t\t\t\t\t\t\t\t\t\t\t\t<input size=\"1\" type=\"text\" name=\"form_fields[field_d8e4e38]\" id=\"form-field-field_d8e4e38\" class=\"elementor-field elementor-size-sm  elementor-field-textual\">\n\t\t\t\t\t\t\t\t\t\t\t<\/div>\n\t\t\t\t\t\t\t\t<div class=\"elementor-field-type-html elementor-field-group elementor-column elementor-field-group-field_a2be939 elementor-col-20\">\n\t\t\t\t\t<span>Mensaje:<\/span>\t\t\t\t<\/div>\n\t\t\t\t\t\t\t\t<div class=\"elementor-field-type-textarea elementor-field-group elementor-column elementor-field-group-message elementor-col-80\">\n\t\t\t\t\t\t\t\t\t\t\t\t<label for=\"form-field-message\" class=\"elementor-field-label elementor-screen-only\">\n\t\t\t\t\t\t\t\tMensaje\t\t\t\t\t\t\t<\/label>\n\t\t\t\t\t\t<textarea class=\"elementor-field-textual elementor-field  elementor-size-sm\" name=\"form_fields[message]\" id=\"form-field-message\" rows=\"4\"><\/textarea>\t\t\t\t<\/div>\n\t\t\t\t\t\t\t\t<div class=\"elementor-field-group elementor-column elementor-field-type-submit elementor-col-100 e-form__buttons\">\n\t\t\t\t\t<button class=\"elementor-button elementor-size-sm\" type=\"submit\">\n\t\t\t\t\t\t<span class=\"elementor-button-content-wrapper\">\n\t\t\t\t\t\t\t\t\t\t\t\t\t\t\t<span class=\"elementor-button-icon\">\n\t\t\t\t\t\t\t\t\t<i aria-hidden=\"true\" class=\"hm hm-arrow-right\"><\/i>\t\t\t\t\t\t\t\t\t\t\t\t\t\t\t\t\t<\/span>\n\t\t\t\t\t\t\t\t\t\t\t\t\t\t\t\t\t\t\t\t\t\t<span class=\"elementor-button-text\">Entregar<\/span>\n\t\t\t\t\t\t\t\t\t\t\t\t\t<\/span>\n\t\t\t\t\t<\/button>\n\t\t\t\t<\/div>\n\t\t\t<\/div>\n\t\t<\/form>\n\t\t\t\t<\/div>\n\t\t\t\t<\/div>\n\t\t\t\t\t<\/div>\n\t\t<\/div>\n\t\t\t\t<div class=\"elementor-column elementor-col-16 elementor-top-column elementor-element elementor-element-5657d31\" data-id=\"5657d31\" data-element_type=\"column\">\n\t\t\t<div class=\"elementor-widget-wrap\">\n\t\t\t\t\t\t\t<\/div>\n\t\t<\/div>\n\t\t\t\t\t<\/div>\n\t\t<\/section>\n\t\t\t\t<section class=\"elementor-section elementor-top-section elementor-element elementor-element-d02b4b0 elementor-section-boxed elementor-section-height-default elementor-section-height-default\" data-id=\"d02b4b0\" data-element_type=\"section\" data-settings=\"{&quot;background_background&quot;:&quot;classic&quot;,&quot;_ha_eqh_enable&quot;:false}\">\n\t\t\t\t\t\t<div class=\"elementor-container elementor-column-gap-default\">\n\t\t\t\t\t<div class=\"elementor-column elementor-col-33 elementor-top-column elementor-element elementor-element-4b116f5\" data-id=\"4b116f5\" data-element_type=\"column\">\n\t\t\t<div class=\"elementor-widget-wrap\">\n\t\t\t\t\t\t\t<\/div>\n\t\t<\/div>\n\t\t\t\t<div class=\"elementor-column elementor-col-33 elementor-top-column elementor-element elementor-element-9e51610\" data-id=\"9e51610\" data-element_type=\"column\">\n\t\t\t<div class=\"elementor-widget-wrap elementor-element-populated\">\n\t\t\t\t\t\t<div class=\"elementor-element elementor-element-a57f69b contactusform elementor-widget elementor-widget-html\" data-id=\"a57f69b\" data-element_type=\"widget\" data-widget_type=\"html.default\">\n\t\t\t\t<div class=\"elementor-widget-container\">\n\t\t\t<script charset=\"utf-8\" type=\"text\/javascript\" src=\"\/\/js.hsforms.net\/forms\/embed\/v2.js\"><\/script><script>hbspt.forms.create({\n    region: \"na1\",\n    portalId: \"43567419\",\n    formId: \"6486d648-dd5c-4ce0-9b0b-57e5ac22b992\"\n  });\n<\/script>\t\t<\/div>\n\t\t\t\t<\/div>\n\t\t\t\t\t<\/div>\n\t\t<\/div>\n\t\t\t\t<div class=\"elementor-column elementor-col-33 elementor-top-column elementor-element elementor-element-d64c251\" data-id=\"d64c251\" data-element_type=\"column\">\n\t\t\t<div class=\"elementor-widget-wrap\">\n\t\t\t\t\t\t\t<\/div>\n\t\t<\/div>\n\t\t\t\t\t<\/div>\n\t\t<\/section>\n\t\t\t\t<\/div>\n\t\t","protected":false},"excerpt":{"rendered":"<p>\u00a1Contemos tu historia! Usted es un l\u00edder en la industria del dise\u00f1o o mejoramiento del hogar y tiene una historia que contar.&nbsp; Complete el siguiente formulario para contarnos un poco [&hellip;]<\/p>\n","protected":false},"author":3,"featured_media":0,"parent":0,"menu_order":0,"comment_status":"closed","ping_status":"closed","template":"","meta":{"_acf_changed":false,"content-type":"","_mo_disable_npp":"","footnotes":""},"class_list":["post-21434","page","type-page","status-publish","hentry"],"acf":[],"yoast_head":"<!-- This site is optimized with the Yoast SEO plugin v25.5 - https:\/\/yoast.com\/wordpress\/plugins\/seo\/ -->\n<title>Exposici\u00f3n de dise\u00f1o y remodelaci\u00f3n de viviendas en Florida | Inicio Espect\u00e1culos FL<\/title>\n<meta name=\"description\" content=\"Contacto Show de dise\u00f1o y remodelaci\u00f3n de viviendas en Florida. Rellene nuestro formulario de consulta r\u00e1pido y f\u00e1cil y nos pondremos en contacto en breve.\" \/>\n<meta name=\"robots\" content=\"index, follow, max-snippet:-1, max-image-preview:large, max-video-preview:-1\" \/>\n<link rel=\"canonical\" href=\"https:\/\/homeshows.com\/contact-us\/\" \/>\n<meta property=\"og:locale\" content=\"es_ES\" \/>\n<meta property=\"og:type\" content=\"article\" \/>\n<meta property=\"og:title\" content=\"Exposici\u00f3n de dise\u00f1o y remodelaci\u00f3n de viviendas en Florida | Inicio Espect\u00e1culos FL\" \/>\n<meta property=\"og:description\" content=\"Contacto Show de dise\u00f1o y remodelaci\u00f3n de viviendas en Florida. Rellene nuestro formulario de consulta r\u00e1pido y f\u00e1cil y nos pondremos en contacto en breve.\" \/>\n<meta property=\"og:url\" content=\"https:\/\/homeshows.com\/contact-us\/\" \/>\n<meta property=\"og:site_name\" content=\"Home Shows\" \/>\n<meta property=\"article:modified_time\" content=\"2023-12-19T10:37:26+00:00\" \/>\n<meta name=\"twitter:card\" content=\"summary_large_image\" \/>\n<meta name=\"twitter:label1\" content=\"Tiempo de lectura\" \/>\n\t<meta name=\"twitter:data1\" content=\"1 minuto\" \/>\n<script type=\"application\/ld+json\" class=\"yoast-schema-graph\">{\"@context\":\"https:\/\/schema.org\",\"@graph\":[{\"@type\":\"WebPage\",\"@id\":\"https:\/\/homeshows.com\/contact-us\/\",\"url\":\"https:\/\/homeshows.com\/contact-us\/\",\"name\":\"Exposici\u00f3n de dise\u00f1o y remodelaci\u00f3n de viviendas en Florida | Inicio Espect\u00e1culos FL\",\"isPartOf\":{\"@id\":\"https:\/\/homeshows.com\/#website\"},\"datePublished\":\"2020-11-06T21:13:52+00:00\",\"dateModified\":\"2023-12-19T10:37:26+00:00\",\"description\":\"Contacto Show de dise\u00f1o y remodelaci\u00f3n de viviendas en Florida. Rellene nuestro formulario de consulta r\u00e1pido y f\u00e1cil y nos pondremos en contacto en breve.\",\"breadcrumb\":{\"@id\":\"https:\/\/homeshows.com\/contact-us\/#breadcrumb\"},\"inLanguage\":\"es\",\"potentialAction\":[{\"@type\":\"ReadAction\",\"target\":[\"https:\/\/homeshows.com\/contact-us\/\"]}]},{\"@type\":\"BreadcrumbList\",\"@id\":\"https:\/\/homeshows.com\/contact-us\/#breadcrumb\",\"itemListElement\":[{\"@type\":\"ListItem\",\"position\":1,\"name\":\"Home\",\"item\":\"https:\/\/homeshows.com\/\"},{\"@type\":\"ListItem\",\"position\":2,\"name\":\"Cont\u00e1ctenos\"}]},{\"@type\":\"WebSite\",\"@id\":\"https:\/\/homeshows.com\/#website\",\"url\":\"https:\/\/homeshows.com\/\",\"name\":\"Home Shows\",\"description\":\"\",\"publisher\":{\"@id\":\"https:\/\/homeshows.com\/#organization\"},\"potentialAction\":[{\"@type\":\"SearchAction\",\"target\":{\"@type\":\"EntryPoint\",\"urlTemplate\":\"https:\/\/homeshows.com\/?s={search_term_string}\"},\"query-input\":{\"@type\":\"PropertyValueSpecification\",\"valueRequired\":true,\"valueName\":\"search_term_string\"}}],\"inLanguage\":\"es\"},{\"@type\":\"Organization\",\"@id\":\"https:\/\/homeshows.com\/#organization\",\"name\":\"Home Design and Remodeling Show\",\"url\":\"https:\/\/homeshows.com\/\",\"logo\":{\"@type\":\"ImageObject\",\"inLanguage\":\"es\",\"@id\":\"https:\/\/homeshows.com\/#\/schema\/logo\/image\/\",\"url\":\"https:\/\/homeshows.com\/wp-content\/uploads\/2020\/08\/Home-Shows-Placeholder-Img.png\",\"contentUrl\":\"https:\/\/homeshows.com\/wp-content\/uploads\/2020\/08\/Home-Shows-Placeholder-Img.png\",\"width\":410,\"height\":246,\"caption\":\"Home Design and Remodeling Show\"},\"image\":{\"@id\":\"https:\/\/homeshows.com\/#\/schema\/logo\/image\/\"},\"sameAs\":[\"https:\/\/www.linkedin.com\/company\/flhomeshows\"]}]}<\/script>\n<!-- \/ Yoast SEO plugin. -->","yoast_head_json":{"title":"Exposici\u00f3n de dise\u00f1o y remodelaci\u00f3n de viviendas en Florida | Inicio Espect\u00e1culos FL","description":"Contacto Show de dise\u00f1o y remodelaci\u00f3n de viviendas en Florida. Rellene nuestro formulario de consulta r\u00e1pido y f\u00e1cil y nos pondremos en contacto en breve.","robots":{"index":"index","follow":"follow","max-snippet":"max-snippet:-1","max-image-preview":"max-image-preview:large","max-video-preview":"max-video-preview:-1"},"canonical":"https:\/\/homeshows.com\/contact-us\/","og_locale":"es_ES","og_type":"article","og_title":"Exposici\u00f3n de dise\u00f1o y remodelaci\u00f3n de viviendas en Florida | Inicio Espect\u00e1culos FL","og_description":"Contacto Show de dise\u00f1o y remodelaci\u00f3n de viviendas en Florida. Rellene nuestro formulario de consulta r\u00e1pido y f\u00e1cil y nos pondremos en contacto en breve.","og_url":"https:\/\/homeshows.com\/contact-us\/","og_site_name":"Home Shows","article_modified_time":"2023-12-19T10:37:26+00:00","twitter_card":"summary_large_image","twitter_misc":{"Tiempo de lectura":"1 minuto"},"schema":{"@context":"https:\/\/schema.org","@graph":[{"@type":"WebPage","@id":"https:\/\/homeshows.com\/contact-us\/","url":"https:\/\/homeshows.com\/contact-us\/","name":"Exposici\u00f3n de dise\u00f1o y remodelaci\u00f3n de viviendas en Florida | Inicio Espect\u00e1culos FL","isPartOf":{"@id":"https:\/\/homeshows.com\/#website"},"datePublished":"2020-11-06T21:13:52+00:00","dateModified":"2023-12-19T10:37:26+00:00","description":"Contacto Show de dise\u00f1o y remodelaci\u00f3n de viviendas en Florida. Rellene nuestro formulario de consulta r\u00e1pido y f\u00e1cil y nos pondremos en contacto en breve.","breadcrumb":{"@id":"https:\/\/homeshows.com\/contact-us\/#breadcrumb"},"inLanguage":"es","potentialAction":[{"@type":"ReadAction","target":["https:\/\/homeshows.com\/contact-us\/"]}]},{"@type":"BreadcrumbList","@id":"https:\/\/homeshows.com\/contact-us\/#breadcrumb","itemListElement":[{"@type":"ListItem","position":1,"name":"Home","item":"https:\/\/homeshows.com\/"},{"@type":"ListItem","position":2,"name":"Cont\u00e1ctenos"}]},{"@type":"WebSite","@id":"https:\/\/homeshows.com\/#website","url":"https:\/\/homeshows.com\/","name":"Home Shows","description":"","publisher":{"@id":"https:\/\/homeshows.com\/#organization"},"potentialAction":[{"@type":"SearchAction","target":{"@type":"EntryPoint","urlTemplate":"https:\/\/homeshows.com\/?s={search_term_string}"},"query-input":{"@type":"PropertyValueSpecification","valueRequired":true,"valueName":"search_term_string"}}],"inLanguage":"es"},{"@type":"Organization","@id":"https:\/\/homeshows.com\/#organization","name":"Home Design and Remodeling Show","url":"https:\/\/homeshows.com\/","logo":{"@type":"ImageObject","inLanguage":"es","@id":"https:\/\/homeshows.com\/#\/schema\/logo\/image\/","url":"https:\/\/homeshows.com\/wp-content\/uploads\/2020\/08\/Home-Shows-Placeholder-Img.png","contentUrl":"https:\/\/homeshows.com\/wp-content\/uploads\/2020\/08\/Home-Shows-Placeholder-Img.png","width":410,"height":246,"caption":"Home Design and Remodeling Show"},"image":{"@id":"https:\/\/homeshows.com\/#\/schema\/logo\/image\/"},"sameAs":["https:\/\/www.linkedin.com\/company\/flhomeshows"]}]}},"_links":{"self":[{"href":"https:\/\/homeshows.com\/es\/wp-json\/wp\/v2\/pages\/21434","targetHints":{"allow":["GET"]}}],"collection":[{"href":"https:\/\/homeshows.com\/es\/wp-json\/wp\/v2\/pages"}],"about":[{"href":"https:\/\/homeshows.com\/es\/wp-json\/wp\/v2\/types\/page"}],"author":[{"embeddable":true,"href":"https:\/\/homeshows.com\/es\/wp-json\/wp\/v2\/users\/3"}],"replies":[{"embeddable":true,"href":"https:\/\/homeshows.com\/es\/wp-json\/wp\/v2\/comments?post=21434"}],"version-history":[{"count":0,"href":"https:\/\/homeshows.com\/es\/wp-json\/wp\/v2\/pages\/21434\/revisions"}],"wp:attachment":[{"href":"https:\/\/homeshows.com\/es\/wp-json\/wp\/v2\/media?parent=21434"}],"curies":[{"name":"wp","href":"https:\/\/api.w.org\/{rel}","templated":true}]}}