{"id":21469,"date":"2020-11-11T09:41:08","date_gmt":"2020-11-11T14:41:08","guid":{"rendered":"https:\/\/homeshows.com\/mapas-y-direcciones\/"},"modified":"2023-05-31T08:14:43","modified_gmt":"2023-05-31T12:14:43","slug":"mapas-y-direcciones","status":"publish","type":"page","link":"https:\/\/homeshows.com\/es\/mapas-y-direcciones\/","title":{"rendered":"Mapas y Direcciones"},"content":{"rendered":"\t\t<div data-elementor-type=\"wp-page\" data-elementor-id=\"21469\" class=\"elementor elementor-21469 elementor-5836\" data-elementor-settings=\"{&quot;ha_cmc_init_switcher&quot;:&quot;no&quot;}\" data-elementor-post-type=\"page\">\n\t\t\t\t\t\t<section class=\"elementor-section elementor-top-section elementor-element elementor-element-5b4cc210 elementor-section-height-min-height elementor-section-boxed elementor-section-height-default elementor-section-items-middle\" data-id=\"5b4cc210\" data-element_type=\"section\" data-settings=\"{&quot;background_background&quot;:&quot;classic&quot;,&quot;_ha_eqh_enable&quot;:false}\">\n\t\t\t\t\t\t<div class=\"elementor-container elementor-column-gap-default\">\n\t\t\t\t\t<div class=\"elementor-column elementor-col-100 elementor-top-column elementor-element elementor-element-6ea8fd8f\" data-id=\"6ea8fd8f\" data-element_type=\"column\">\n\t\t\t<div class=\"elementor-widget-wrap elementor-element-populated\">\n\t\t\t\t\t\t<div class=\"elementor-element elementor-element-2c8153cb elementor-widget elementor-widget-heading\" data-id=\"2c8153cb\" data-element_type=\"widget\" data-widget_type=\"heading.default\">\n\t\t\t\t<div class=\"elementor-widget-container\">\n\t\t\t<h1 class=\"elementor-heading-title elementor-size-default\">Mapas y Direcciones<\/h1>\t\t<\/div>\n\t\t\t\t<\/div>\n\t\t\t\t\t<\/div>\n\t\t<\/div>\n\t\t\t\t\t<\/div>\n\t\t<\/section>\n\t\t\t\t<section class=\"elementor-section elementor-inner-section elementor-element elementor-element-7fe56bda elementor-section-boxed elementor-section-height-default elementor-section-height-default\" data-id=\"7fe56bda\" data-element_type=\"section\" data-settings=\"{&quot;_ha_eqh_enable&quot;:false}\">\n\t\t\t\t\t\t<div class=\"elementor-container elementor-column-gap-default\">\n\t\t\t\t\t<div class=\"elementor-column elementor-col-100 elementor-inner-column elementor-element elementor-element-3283db10\" data-id=\"3283db10\" data-element_type=\"column\">\n\t\t\t<div class=\"elementor-widget-wrap elementor-element-populated\">\n\t\t\t\t\t\t<div class=\"elementor-element elementor-element-0b73416 elementor-widget elementor-widget-spacer\" data-id=\"0b73416\" data-element_type=\"widget\" data-widget_type=\"spacer.default\">\n\t\t\t\t<div class=\"elementor-widget-container\">\n\t\t\t\t\t<div class=\"elementor-spacer\">\n\t\t\t<div class=\"elementor-spacer-inner\"><\/div>\n\t\t<\/div>\n\t\t\t\t<\/div>\n\t\t\t\t<\/div>\n\t\t\t\t<div class=\"elementor-element elementor-element-754d8ee9 elementor-widget elementor-widget-heading\" data-id=\"754d8ee9\" data-element_type=\"widget\" data-widget_type=\"heading.default\">\n\t\t\t\t<div class=\"elementor-widget-container\">\n\t\t\t<h2 class=\"elementor-heading-title elementor-size-default\">Tres ubicaciones en el sur de Florida<\/h2>\t\t<\/div>\n\t\t\t\t<\/div>\n\t\t\t\t<div class=\"elementor-element elementor-element-b42f3a9 elementor-widget elementor-widget-text-editor\" data-id=\"b42f3a9\" data-element_type=\"widget\" data-widget_type=\"text-editor.default\">\n\t\t\t\t<div class=\"elementor-widget-container\">\n\t\t\t\t\t\t\t<p>miami | Fuerte Lauderdale | playa de palmeras<\/p>\n\t\t\t\t\t\t<\/div>\n\t\t\t\t<\/div>\n\t\t\t\t<div class=\"elementor-element elementor-element-5958fdc elementor-widget elementor-widget-text-editor\" data-id=\"5958fdc\" data-element_type=\"widget\" data-widget_type=\"text-editor.default\">\n\t\t\t\t<div class=\"elementor-widget-container\">\n\t\t\t\t\t\t\tLas exposiciones de dise\u00f1o y remodelaci\u00f3n de viviendas de Miami, Fort Lauderdale y Palm Beach se llevan a cabo en tres de los lugares m\u00e1s deseables del sur de Florida. Los asistentes tendr\u00e1n la oportunidad de comprar y descubrir cientos de exhibiciones que muestran miles de dise\u00f1os y mejoras para el hogar.\nproductos y servicios en el evento. Asista a Florida Home Show, apoye a nuestras comunidades comerciales locales y experimente los restaurantes locales, las tiendas y las atracciones de la ciudad por las que las tres ubicaciones son reconocidas internacionalmente.\t\t\t\t\t\t<\/div>\n\t\t\t\t<\/div>\n\t\t\t\t\t<\/div>\n\t\t<\/div>\n\t\t\t\t\t<\/div>\n\t\t<\/section>\n\t\t\t\t<section class=\"elementor-section elementor-top-section elementor-element elementor-element-62f5409a elementor-section-boxed elementor-section-height-default elementor-section-height-default\" data-id=\"62f5409a\" data-element_type=\"section\" data-settings=\"{&quot;background_background&quot;:&quot;classic&quot;,&quot;_ha_eqh_enable&quot;:false}\">\n\t\t\t\t\t\t<div class=\"elementor-container elementor-column-gap-default\">\n\t\t\t\t\t<div class=\"elementor-column elementor-col-50 elementor-top-column elementor-element elementor-element-19f2c234\" data-id=\"19f2c234\" data-element_type=\"column\">\n\t\t\t<div class=\"elementor-widget-wrap elementor-element-populated\">\n\t\t\t\t\t\t<div class=\"elementor-element elementor-element-59a7d1e1 elementor-widget elementor-widget-heading\" data-id=\"59a7d1e1\" data-element_type=\"widget\" data-widget_type=\"heading.default\">\n\t\t\t\t<div class=\"elementor-widget-container\">\n\t\t\t<h2 class=\"elementor-heading-title elementor-size-default\">Centro de exposiciones y ferias del condado de Miami-Dade<\/h2>\t\t<\/div>\n\t\t\t\t<\/div>\n\t\t\t\t<div class=\"elementor-element elementor-element-e061bc9 elementor-widget elementor-widget-text-editor\" data-id=\"e061bc9\" data-element_type=\"widget\" data-widget_type=\"text-editor.default\">\n\t\t\t\t<div class=\"elementor-widget-container\">\n\t\t\t\t\t\t\t<p>10901 Coral Way, Miami, FL 33165<\/p>\n\t\t\t\t\t\t<\/div>\n\t\t\t\t<\/div>\n\t\t\t\t<div class=\"elementor-element elementor-element-92d8b7a elementor-widget elementor-widget-google_maps\" data-id=\"92d8b7a\" data-element_type=\"widget\" data-widget_type=\"google_maps.default\">\n\t\t\t\t<div class=\"elementor-widget-container\">\n\t\t\t\t\t<div class=\"elementor-custom-embed\">\n\t\t\t<iframe loading=\"lazy\"\n\t\t\t\t\tsrc=\"https:\/\/maps.google.com\/maps?q=10901%20Coral%20Way%2C%20Miami%2C%20FL%2033165&#038;t=m&#038;z=15&#038;output=embed&#038;iwloc=near\"\n\t\t\t\t\ttitle=\"10901 Coral Way, Miami, FL 33165\"\n\t\t\t\t\taria-label=\"10901 Coral Way, Miami, FL 33165\"\n\t\t\t><\/iframe>\n\t\t<\/div>\n\t\t\t\t<\/div>\n\t\t\t\t<\/div>\n\t\t\t\t\t<\/div>\n\t\t<\/div>\n\t\t\t\t<div class=\"elementor-column elementor-col-50 elementor-top-column elementor-element elementor-element-783fdf0d\" data-id=\"783fdf0d\" data-element_type=\"column\" data-settings=\"{&quot;background_background&quot;:&quot;classic&quot;}\">\n\t\t\t<div class=\"elementor-widget-wrap elementor-element-populated\">\n\t\t\t\t\t<div class=\"elementor-background-overlay\"><\/div>\n\t\t\t\t\t\t<div class=\"elementor-element elementor-element-4c915ad8 elementor-widget elementor-widget-text-editor\" data-id=\"4c915ad8\" data-element_type=\"widget\" data-widget_type=\"text-editor.default\">\n\t\t\t\t<div class=\"elementor-widget-container\">\n\t\t\t\t\t\t\t<p>Direcciones<\/p>\n\t\t\t\t\t\t<\/div>\n\t\t\t\t<\/div>\n\t\t\t\t<div class=\"elementor-element elementor-element-0c5cb4b elementor-widget-divider--view-line elementor-widget elementor-widget-divider\" data-id=\"0c5cb4b\" data-element_type=\"widget\" data-widget_type=\"divider.default\">\n\t\t\t\t<div class=\"elementor-widget-container\">\n\t\t\t\t\t<div class=\"elementor-divider\">\n\t\t\t<span class=\"elementor-divider-separator\">\n\t\t\t\t\t\t<\/span>\n\t\t<\/div>\n\t\t\t\t<\/div>\n\t\t\t\t<\/div>\n\t\t\t\t<div class=\"elementor-element elementor-element-63011e1 elementor-widget elementor-widget-text-editor\" data-id=\"63011e1\" data-element_type=\"widget\" data-widget_type=\"text-editor.default\">\n\t\t\t\t<div class=\"elementor-widget-container\">\n\t\t\t\t\t\t\t<p class=\"Default\"><b><span style=\"font-size: 10.0pt; color: windowtext;\">Desde el \u00e1rea norte (North Miami\/Opa Locka) : <\/span><\/b><span style=\"color: windowtext; font-size: 10pt; font-family: var( --e-global-typography-427b279-font-family ), Sans-serif; font-weight: var( --e-global-typography-427b279-font-weight ); letter-spacing: var( --e-global-typography-427b279-letter-spacing );\">Tome Gratigny Parkway West\/SR-924. <\/span><span style=\"font-size: 10.0pt; color: windowtext;\">En la salida 1B, tome la v\u00eda de acceso a la izquierda para SR-826 South\/ Palmetto Expressway hacia Miami. <\/span><span style=\"font-size: 10.0pt; color: windowtext;\">Tome la v\u00eda de acceso a la derecha y siga las indicaciones hacia US-41 West\/ SW 8th Street\/Tamiami Trail. <\/span><span style=\"font-size: 10.0pt; color: windowtext;\">Gire a la izquierda en SR-985 South\/SW 107th Avenue.<\/span><span style=\"font-size: 10.0pt; color: windowtext;\"> Gire a la derecha en SW 24th Street\/Coral Way. <\/span><span style=\"font-size: 10.0pt; color: windowtext;\">Llegada al Centro de Exposiciones y Ferias del Condado de Miami-Dade.<\/span><\/p>\n<p><strong>Desde el condado de Broward:<\/strong> Tome la SR-842 West\/W Broward Blvd. Tome la v\u00eda de acceso a la izquierda para I-595 West hacia Florida&#8217;s Turnpike. En la salida 8, tome la v\u00eda de acceso a la derecha hacia Florida&#8217;s Turnpike\/Ronald Reagan Turnpike hacia Miami. Mant\u00e9ngase a la derecha para permanecer en SR-821 South\/ Florida&#8217;s Turnpike South\/Florida&#8217;s Turnpike Homestead Ext S\/ Ronald Reagan Turnpike. En la salida 25, tome la v\u00eda de acceso a la derecha y siga las indicaciones hacia US-41\/ SW 8th Street. Gire a la derecha en US-41 East\/ SW 8th Street\/ Tamiami Trail. Gire a la derecha en SR-985 South\/ SW 107th Ave. Gire a la derecha en SW 24th Street\/Coral Way. Llegada al Centro de Exposiciones y Ferias del Condado de Miami-Dade.<\/p>\n<p><strong>Desde el sur (The Keys\/Florida City\/Homestead\/Kendall, etc.):<\/strong> Tome la SR-821 North\/Florida&#8217;s Turnpike North\/Florida&#8217;s Turnpike Homestead Ext North\/Ronald Reagan Turnpike. En la salida 23, tome la v\u00eda de acceso a la derecha hacia SW 40th Street\/Bird Road. Mant\u00e9ngase a la izquierda en SW 117th Avenue. Gire a la derecha en SW 40th Street\/Bird Road. En SW 112th Avenue, gire a la izquierda hacia el norte. Contin\u00fae hacia el norte hasta llegar al Centro de exposiciones y ferias del condado de Miami-Dade.<\/p>\n\t\t\t\t\t\t<\/div>\n\t\t\t\t<\/div>\n\t\t\t\t\t<\/div>\n\t\t<\/div>\n\t\t\t\t\t<\/div>\n\t\t<\/section>\n\t\t\t\t<section class=\"elementor-section elementor-top-section elementor-element elementor-element-814c6f2 elementor-section-boxed elementor-section-height-default elementor-section-height-default\" data-id=\"814c6f2\" data-element_type=\"section\" data-settings=\"{&quot;background_background&quot;:&quot;classic&quot;,&quot;_ha_eqh_enable&quot;:false}\">\n\t\t\t\t\t\t<div class=\"elementor-container elementor-column-gap-default\">\n\t\t\t\t\t<div class=\"elementor-column elementor-col-50 elementor-top-column elementor-element elementor-element-4cc4b41\" data-id=\"4cc4b41\" data-element_type=\"column\">\n\t\t\t<div class=\"elementor-widget-wrap elementor-element-populated\">\n\t\t\t\t\t\t<div class=\"elementor-element elementor-element-cb9bfc0 elementor-widget elementor-widget-heading\" data-id=\"cb9bfc0\" data-element_type=\"widget\" data-widget_type=\"heading.default\">\n\t\t\t\t<div class=\"elementor-widget-container\">\n\t\t\t<h2 class=\"elementor-heading-title elementor-size-default\">Centro de convenciones del condado de Broward<\/h2>\t\t<\/div>\n\t\t\t\t<\/div>\n\t\t\t\t<div class=\"elementor-element elementor-element-9a551e3 elementor-widget elementor-widget-text-editor\" data-id=\"9a551e3\" data-element_type=\"widget\" data-widget_type=\"text-editor.default\">\n\t\t\t\t<div class=\"elementor-widget-container\">\n\t\t\t\t\t\t\t<p>1950 Eisenhower Blvd., Fort Lauderdale, FL 33316<\/p>\n\t\t\t\t\t\t<\/div>\n\t\t\t\t<\/div>\n\t\t\t\t<div class=\"elementor-element elementor-element-1fe8009 elementor-widget elementor-widget-google_maps\" data-id=\"1fe8009\" data-element_type=\"widget\" data-widget_type=\"google_maps.default\">\n\t\t\t\t<div class=\"elementor-widget-container\">\n\t\t\t\t\t<div class=\"elementor-custom-embed\">\n\t\t\t<iframe loading=\"lazy\"\n\t\t\t\t\tsrc=\"https:\/\/maps.google.com\/maps?q=1950%20Eisenhower%20Blvd.%2C%20Fort%20Lauderdale%2C%20FL%2033316&#038;t=m&#038;z=15&#038;output=embed&#038;iwloc=near\"\n\t\t\t\t\ttitle=\"1950 Eisenhower Blvd., Fort Lauderdale, FL 33316\"\n\t\t\t\t\taria-label=\"1950 Eisenhower Blvd., Fort Lauderdale, FL 33316\"\n\t\t\t><\/iframe>\n\t\t<\/div>\n\t\t\t\t<\/div>\n\t\t\t\t<\/div>\n\t\t\t\t\t<\/div>\n\t\t<\/div>\n\t\t\t\t<div class=\"elementor-column elementor-col-50 elementor-top-column elementor-element elementor-element-bcdf1c7\" data-id=\"bcdf1c7\" data-element_type=\"column\" data-settings=\"{&quot;background_background&quot;:&quot;classic&quot;}\">\n\t\t\t<div class=\"elementor-widget-wrap elementor-element-populated\">\n\t\t\t\t\t<div class=\"elementor-background-overlay\"><\/div>\n\t\t\t\t\t\t<div class=\"elementor-element elementor-element-b93bf23 elementor-widget elementor-widget-text-editor\" data-id=\"b93bf23\" data-element_type=\"widget\" data-widget_type=\"text-editor.default\">\n\t\t\t\t<div class=\"elementor-widget-container\">\n\t\t\t\t\t\t\t<p>Direcciones<\/p>\n\t\t\t\t\t\t<\/div>\n\t\t\t\t<\/div>\n\t\t\t\t<div class=\"elementor-element elementor-element-869a0b0 elementor-widget-divider--view-line elementor-widget elementor-widget-divider\" data-id=\"869a0b0\" data-element_type=\"widget\" data-widget_type=\"divider.default\">\n\t\t\t\t<div class=\"elementor-widget-container\">\n\t\t\t\t\t<div class=\"elementor-divider\">\n\t\t\t<span class=\"elementor-divider-separator\">\n\t\t\t\t\t\t<\/span>\n\t\t<\/div>\n\t\t\t\t<\/div>\n\t\t\t\t<\/div>\n\t\t\t\t<div class=\"elementor-element elementor-element-e1300fb elementor-widget elementor-widget-text-editor\" data-id=\"e1300fb\" data-element_type=\"widget\" data-widget_type=\"text-editor.default\">\n\t\t\t\t<div class=\"elementor-widget-container\">\n\t\t\t\t\t\t\t<p>Del Norte<\/p>\n<p>Del Sur<\/p>\n\t\t\t\t\t\t<\/div>\n\t\t\t\t<\/div>\n\t\t\t\t\t<\/div>\n\t\t<\/div>\n\t\t\t\t\t<\/div>\n\t\t<\/section>\n\t\t\t\t<section class=\"elementor-section elementor-top-section elementor-element elementor-element-0c475dc elementor-section-boxed elementor-section-height-default elementor-section-height-default\" data-id=\"0c475dc\" data-element_type=\"section\" data-settings=\"{&quot;background_background&quot;:&quot;classic&quot;,&quot;_ha_eqh_enable&quot;:false}\">\n\t\t\t\t\t\t<div class=\"elementor-container elementor-column-gap-default\">\n\t\t\t\t\t<div class=\"elementor-column elementor-col-50 elementor-top-column elementor-element elementor-element-1a9a872\" data-id=\"1a9a872\" data-element_type=\"column\">\n\t\t\t<div class=\"elementor-widget-wrap elementor-element-populated\">\n\t\t\t\t\t\t<div class=\"elementor-element elementor-element-38a77c5 elementor-widget elementor-widget-heading\" data-id=\"38a77c5\" data-element_type=\"widget\" data-widget_type=\"heading.default\">\n\t\t\t\t<div class=\"elementor-widget-container\">\n\t\t\t<h2 class=\"elementor-heading-title elementor-size-default\">Centro de convenciones del condado de Palm Beach<\/h2>\t\t<\/div>\n\t\t\t\t<\/div>\n\t\t\t\t<div class=\"elementor-element elementor-element-920ddbb elementor-widget elementor-widget-text-editor\" data-id=\"920ddbb\" data-element_type=\"widget\" data-widget_type=\"text-editor.default\">\n\t\t\t\t<div class=\"elementor-widget-container\">\n\t\t\t\t\t\t\t<p><strong>650 Okeechobee Blvd., West Palm Beach, FL 33401<\/strong><\/p>\n\t\t\t\t\t\t<\/div>\n\t\t\t\t<\/div>\n\t\t\t\t<div class=\"elementor-element elementor-element-3aacd6e elementor-widget elementor-widget-google_maps\" data-id=\"3aacd6e\" data-element_type=\"widget\" data-widget_type=\"google_maps.default\">\n\t\t\t\t<div class=\"elementor-widget-container\">\n\t\t\t\t\t<div class=\"elementor-custom-embed\">\n\t\t\t<iframe loading=\"lazy\"\n\t\t\t\t\tsrc=\"https:\/\/maps.google.com\/maps?q=650%20Okeechobee%20Blvd%2C%20West%20Palm%20Beach%2C%20FL%2033401&#038;t=m&#038;z=15&#038;output=embed&#038;iwloc=near\"\n\t\t\t\t\ttitle=\"650 Okeechobee Blvd, West Palm Beach, FL 33401\"\n\t\t\t\t\taria-label=\"650 Okeechobee Blvd, West Palm Beach, FL 33401\"\n\t\t\t><\/iframe>\n\t\t<\/div>\n\t\t\t\t<\/div>\n\t\t\t\t<\/div>\n\t\t\t\t\t<\/div>\n\t\t<\/div>\n\t\t\t\t<div class=\"elementor-column elementor-col-50 elementor-top-column elementor-element elementor-element-44c59dd\" data-id=\"44c59dd\" data-element_type=\"column\" data-settings=\"{&quot;background_background&quot;:&quot;classic&quot;}\">\n\t\t\t<div class=\"elementor-widget-wrap elementor-element-populated\">\n\t\t\t\t\t<div class=\"elementor-background-overlay\"><\/div>\n\t\t\t\t\t\t<div class=\"elementor-element elementor-element-5b7eb84 elementor-widget elementor-widget-text-editor\" data-id=\"5b7eb84\" data-element_type=\"widget\" data-widget_type=\"text-editor.default\">\n\t\t\t\t<div class=\"elementor-widget-container\">\n\t\t\t\t\t\t\t<p>Direcciones<\/p>\n\t\t\t\t\t\t<\/div>\n\t\t\t\t<\/div>\n\t\t\t\t<div class=\"elementor-element elementor-element-c1db23b elementor-widget-divider--view-line elementor-widget elementor-widget-divider\" data-id=\"c1db23b\" data-element_type=\"widget\" data-widget_type=\"divider.default\">\n\t\t\t\t<div class=\"elementor-widget-container\">\n\t\t\t\t\t<div class=\"elementor-divider\">\n\t\t\t<span class=\"elementor-divider-separator\">\n\t\t\t\t\t\t<\/span>\n\t\t<\/div>\n\t\t\t\t<\/div>\n\t\t\t\t<\/div>\n\t\t\t\t<div class=\"elementor-element elementor-element-bfa6124 elementor-widget elementor-widget-text-editor\" data-id=\"bfa6124\" data-element_type=\"widget\" data-widget_type=\"text-editor.default\">\n\t\t\t\t<div class=\"elementor-widget-container\">\n\t\t\t\t\t\t\t<p>DEL NORTE:<br \/>Tome Florida&#8217;s Turnpike hasta la salida de West Palm Beach\/Okeechobee Boulevard (# 99) y dir\u00edjase hacia el este durante aproximadamente 7 millas. El Centro de Convenciones del Condado de Palm Beach est\u00e1 ubicado en el lado sur de Okeechobee Boulevard, justo enfrente de Rosemary Square.<\/p>\n<p>DEL SUR:<br \/>Tome la I-95 hasta la salida de Okeechobee Boulevard (# 70) y dir\u00edjase hacia el este por Okeechobee Boulevard, aproximadamente 1 milla. El Centro de Convenciones del Condado de Palm Beach est\u00e1 ubicado en el lado sur de Okeechobee Boulevard, justo enfrente de Rosemary Square.<\/p>\n\t\t\t\t\t\t<\/div>\n\t\t\t\t<\/div>\n\t\t\t\t\t<\/div>\n\t\t<\/div>\n\t\t\t\t\t<\/div>\n\t\t<\/section>\n\t\t\t\t<\/div>\n\t\t","protected":false},"excerpt":{"rendered":"<p>Tres ubicaciones en el sur de Florida miami | Fuerte Lauderdale | playa de palmeras Las exposiciones de dise\u00f1o y remodelaci\u00f3n de viviendas de Miami, Fort Lauderdale y Palm Beach [&hellip;]<\/p>\n","protected":false},"author":3,"featured_media":0,"parent":0,"menu_order":0,"comment_status":"closed","ping_status":"closed","template":"","meta":{"_acf_changed":false,"content-type":"","_mo_disable_npp":"","footnotes":""},"class_list":["post-21469","page","type-page","status-publish","hentry"],"acf":[],"yoast_head":"<!-- This site is optimized with the Yoast SEO plugin v25.5 - https:\/\/yoast.com\/wordpress\/plugins\/seo\/ -->\n<title>Mapas e indicaciones para llegar a la feria de dise\u00f1o y remodelaci\u00f3n del hogar | Inicio Espect\u00e1culos FL<\/title>\n<meta name=\"description\" content=\"Encuentre mapas y direcciones para nuestro pr\u00f3ximo Show de dise\u00f1o y remodelaci\u00f3n de viviendas de Florida. Haga clic para obtener m\u00e1s informaci\u00f3n.\" \/>\n<meta name=\"robots\" content=\"index, follow, max-snippet:-1, max-image-preview:large, max-video-preview:-1\" \/>\n<link rel=\"canonical\" href=\"https:\/\/homeshows.com\/es\/mapas-y-direcciones\/\" \/>\n<meta property=\"og:locale\" content=\"es_ES\" \/>\n<meta property=\"og:type\" content=\"article\" \/>\n<meta property=\"og:title\" content=\"Mapas e indicaciones para llegar a la feria de dise\u00f1o y remodelaci\u00f3n del hogar | Inicio Espect\u00e1culos FL\" \/>\n<meta property=\"og:description\" content=\"Encuentre mapas y direcciones para nuestro pr\u00f3ximo Show de dise\u00f1o y remodelaci\u00f3n de viviendas de Florida. Haga clic para obtener m\u00e1s informaci\u00f3n.\" \/>\n<meta property=\"og:url\" content=\"https:\/\/homeshows.com\/es\/mapas-y-direcciones\/\" \/>\n<meta property=\"og:site_name\" content=\"Home Shows\" \/>\n<meta property=\"article:modified_time\" content=\"2023-05-31T12:14:43+00:00\" \/>\n<meta name=\"twitter:card\" content=\"summary_large_image\" \/>\n<meta name=\"twitter:label1\" content=\"Tiempo de lectura\" \/>\n\t<meta name=\"twitter:data1\" content=\"3 minutos\" \/>\n<script type=\"application\/ld+json\" class=\"yoast-schema-graph\">{\"@context\":\"https:\/\/schema.org\",\"@graph\":[{\"@type\":\"WebPage\",\"@id\":\"https:\/\/homeshows.com\/es\/mapas-y-direcciones\/\",\"url\":\"https:\/\/homeshows.com\/es\/mapas-y-direcciones\/\",\"name\":\"Mapas e indicaciones para llegar a la feria de dise\u00f1o y remodelaci\u00f3n del hogar | Inicio Espect\u00e1culos FL\",\"isPartOf\":{\"@id\":\"https:\/\/homeshows.com\/#website\"},\"datePublished\":\"2020-11-11T14:41:08+00:00\",\"dateModified\":\"2023-05-31T12:14:43+00:00\",\"description\":\"Encuentre mapas y direcciones para nuestro pr\u00f3ximo Show de dise\u00f1o y remodelaci\u00f3n de viviendas de Florida. Haga clic para obtener m\u00e1s informaci\u00f3n.\",\"breadcrumb\":{\"@id\":\"https:\/\/homeshows.com\/es\/mapas-y-direcciones\/#breadcrumb\"},\"inLanguage\":\"es\",\"potentialAction\":[{\"@type\":\"ReadAction\",\"target\":[\"https:\/\/homeshows.com\/es\/mapas-y-direcciones\/\"]}]},{\"@type\":\"BreadcrumbList\",\"@id\":\"https:\/\/homeshows.com\/es\/mapas-y-direcciones\/#breadcrumb\",\"itemListElement\":[{\"@type\":\"ListItem\",\"position\":1,\"name\":\"Home\",\"item\":\"https:\/\/homeshows.com\/\"},{\"@type\":\"ListItem\",\"position\":2,\"name\":\"Mapas y Direcciones\"}]},{\"@type\":\"WebSite\",\"@id\":\"https:\/\/homeshows.com\/#website\",\"url\":\"https:\/\/homeshows.com\/\",\"name\":\"Home Shows\",\"description\":\"\",\"publisher\":{\"@id\":\"https:\/\/homeshows.com\/#organization\"},\"potentialAction\":[{\"@type\":\"SearchAction\",\"target\":{\"@type\":\"EntryPoint\",\"urlTemplate\":\"https:\/\/homeshows.com\/?s={search_term_string}\"},\"query-input\":{\"@type\":\"PropertyValueSpecification\",\"valueRequired\":true,\"valueName\":\"search_term_string\"}}],\"inLanguage\":\"es\"},{\"@type\":\"Organization\",\"@id\":\"https:\/\/homeshows.com\/#organization\",\"name\":\"Home Design and Remodeling Show\",\"url\":\"https:\/\/homeshows.com\/\",\"logo\":{\"@type\":\"ImageObject\",\"inLanguage\":\"es\",\"@id\":\"https:\/\/homeshows.com\/#\/schema\/logo\/image\/\",\"url\":\"https:\/\/homeshows.com\/wp-content\/uploads\/2020\/08\/Home-Shows-Placeholder-Img.png\",\"contentUrl\":\"https:\/\/homeshows.com\/wp-content\/uploads\/2020\/08\/Home-Shows-Placeholder-Img.png\",\"width\":410,\"height\":246,\"caption\":\"Home Design and Remodeling Show\"},\"image\":{\"@id\":\"https:\/\/homeshows.com\/#\/schema\/logo\/image\/\"},\"sameAs\":[\"https:\/\/www.linkedin.com\/company\/flhomeshows\"]}]}<\/script>\n<!-- \/ Yoast SEO plugin. -->","yoast_head_json":{"title":"Mapas e indicaciones para llegar a la feria de dise\u00f1o y remodelaci\u00f3n del hogar | Inicio Espect\u00e1culos FL","description":"Encuentre mapas y direcciones para nuestro pr\u00f3ximo Show de dise\u00f1o y remodelaci\u00f3n de viviendas de Florida. Haga clic para obtener m\u00e1s informaci\u00f3n.","robots":{"index":"index","follow":"follow","max-snippet":"max-snippet:-1","max-image-preview":"max-image-preview:large","max-video-preview":"max-video-preview:-1"},"canonical":"https:\/\/homeshows.com\/es\/mapas-y-direcciones\/","og_locale":"es_ES","og_type":"article","og_title":"Mapas e indicaciones para llegar a la feria de dise\u00f1o y remodelaci\u00f3n del hogar | Inicio Espect\u00e1culos FL","og_description":"Encuentre mapas y direcciones para nuestro pr\u00f3ximo Show de dise\u00f1o y remodelaci\u00f3n de viviendas de Florida. Haga clic para obtener m\u00e1s informaci\u00f3n.","og_url":"https:\/\/homeshows.com\/es\/mapas-y-direcciones\/","og_site_name":"Home Shows","article_modified_time":"2023-05-31T12:14:43+00:00","twitter_card":"summary_large_image","twitter_misc":{"Tiempo de lectura":"3 minutos"},"schema":{"@context":"https:\/\/schema.org","@graph":[{"@type":"WebPage","@id":"https:\/\/homeshows.com\/es\/mapas-y-direcciones\/","url":"https:\/\/homeshows.com\/es\/mapas-y-direcciones\/","name":"Mapas e indicaciones para llegar a la feria de dise\u00f1o y remodelaci\u00f3n del hogar | Inicio Espect\u00e1culos FL","isPartOf":{"@id":"https:\/\/homeshows.com\/#website"},"datePublished":"2020-11-11T14:41:08+00:00","dateModified":"2023-05-31T12:14:43+00:00","description":"Encuentre mapas y direcciones para nuestro pr\u00f3ximo Show de dise\u00f1o y remodelaci\u00f3n de viviendas de Florida. Haga clic para obtener m\u00e1s informaci\u00f3n.","breadcrumb":{"@id":"https:\/\/homeshows.com\/es\/mapas-y-direcciones\/#breadcrumb"},"inLanguage":"es","potentialAction":[{"@type":"ReadAction","target":["https:\/\/homeshows.com\/es\/mapas-y-direcciones\/"]}]},{"@type":"BreadcrumbList","@id":"https:\/\/homeshows.com\/es\/mapas-y-direcciones\/#breadcrumb","itemListElement":[{"@type":"ListItem","position":1,"name":"Home","item":"https:\/\/homeshows.com\/"},{"@type":"ListItem","position":2,"name":"Mapas y Direcciones"}]},{"@type":"WebSite","@id":"https:\/\/homeshows.com\/#website","url":"https:\/\/homeshows.com\/","name":"Home Shows","description":"","publisher":{"@id":"https:\/\/homeshows.com\/#organization"},"potentialAction":[{"@type":"SearchAction","target":{"@type":"EntryPoint","urlTemplate":"https:\/\/homeshows.com\/?s={search_term_string}"},"query-input":{"@type":"PropertyValueSpecification","valueRequired":true,"valueName":"search_term_string"}}],"inLanguage":"es"},{"@type":"Organization","@id":"https:\/\/homeshows.com\/#organization","name":"Home Design and Remodeling Show","url":"https:\/\/homeshows.com\/","logo":{"@type":"ImageObject","inLanguage":"es","@id":"https:\/\/homeshows.com\/#\/schema\/logo\/image\/","url":"https:\/\/homeshows.com\/wp-content\/uploads\/2020\/08\/Home-Shows-Placeholder-Img.png","contentUrl":"https:\/\/homeshows.com\/wp-content\/uploads\/2020\/08\/Home-Shows-Placeholder-Img.png","width":410,"height":246,"caption":"Home Design and Remodeling Show"},"image":{"@id":"https:\/\/homeshows.com\/#\/schema\/logo\/image\/"},"sameAs":["https:\/\/www.linkedin.com\/company\/flhomeshows"]}]}},"_links":{"self":[{"href":"https:\/\/homeshows.com\/es\/wp-json\/wp\/v2\/pages\/21469","targetHints":{"allow":["GET"]}}],"collection":[{"href":"https:\/\/homeshows.com\/es\/wp-json\/wp\/v2\/pages"}],"about":[{"href":"https:\/\/homeshows.com\/es\/wp-json\/wp\/v2\/types\/page"}],"author":[{"embeddable":true,"href":"https:\/\/homeshows.com\/es\/wp-json\/wp\/v2\/users\/3"}],"replies":[{"embeddable":true,"href":"https:\/\/homeshows.com\/es\/wp-json\/wp\/v2\/comments?post=21469"}],"version-history":[{"count":0,"href":"https:\/\/homeshows.com\/es\/wp-json\/wp\/v2\/pages\/21469\/revisions"}],"wp:attachment":[{"href":"https:\/\/homeshows.com\/es\/wp-json\/wp\/v2\/media?parent=21469"}],"curies":[{"name":"wp","href":"https:\/\/api.w.org\/{rel}","templated":true}]}}