{"id":27504,"date":"2022-01-10T15:01:02","date_gmt":"2022-01-10T20:01:02","guid":{"rendered":"https:\/\/homeshows.com\/registro-comercial-gracias\/"},"modified":"2024-10-16T14:14:40","modified_gmt":"2024-10-16T18:14:40","slug":"registro-comercial-gracias","status":"publish","type":"page","link":"https:\/\/homeshows.com\/es\/registro-comercial-gracias\/","title":{"rendered":"Registro Comercial Gracias"},"content":{"rendered":"\t\t<div data-elementor-type=\"wp-page\" data-elementor-id=\"27504\" class=\"elementor elementor-27504 elementor-12911\" data-elementor-settings=\"{&quot;ha_cmc_init_switcher&quot;:&quot;no&quot;}\" data-elementor-post-type=\"page\">\n\t\t\t\t\t\t<section class=\"elementor-section elementor-top-section elementor-element elementor-element-2f3ecebe elementor-section-height-min-height elementor-section-boxed elementor-section-height-default elementor-section-items-middle\" data-id=\"2f3ecebe\" data-element_type=\"section\" data-settings=\"{&quot;background_background&quot;:&quot;classic&quot;,&quot;_ha_eqh_enable&quot;:false}\">\n\t\t\t\t\t\t<div class=\"elementor-container elementor-column-gap-default\">\n\t\t\t\t\t<div class=\"elementor-column elementor-col-100 elementor-top-column elementor-element elementor-element-15d48694\" data-id=\"15d48694\" data-element_type=\"column\">\n\t\t\t<div class=\"elementor-widget-wrap elementor-element-populated\">\n\t\t\t\t\t\t<div class=\"elementor-element elementor-element-445becfb elementor-widget elementor-widget-heading\" data-id=\"445becfb\" data-element_type=\"widget\" data-widget_type=\"heading.default\">\n\t\t\t\t<div class=\"elementor-widget-container\">\n\t\t\t<h1 class=\"elementor-heading-title elementor-size-default\">Registro Comercial Gracias<\/h1>\t\t<\/div>\n\t\t\t\t<\/div>\n\t\t\t\t\t<\/div>\n\t\t<\/div>\n\t\t\t\t\t<\/div>\n\t\t<\/section>\n\t\t\t\t<section class=\"elementor-section elementor-inner-section elementor-element elementor-element-4c5c9168 elementor-section-boxed elementor-section-height-default elementor-section-height-default\" data-id=\"4c5c9168\" data-element_type=\"section\" data-settings=\"{&quot;_ha_eqh_enable&quot;:false}\">\n\t\t\t\t\t\t<div class=\"elementor-container elementor-column-gap-default\">\n\t\t\t\t\t<div class=\"elementor-column elementor-col-100 elementor-inner-column elementor-element elementor-element-244e70c8\" data-id=\"244e70c8\" data-element_type=\"column\">\n\t\t\t<div class=\"elementor-widget-wrap elementor-element-populated\">\n\t\t\t\t\t\t<div class=\"elementor-element elementor-element-09771e5 elementor-widget elementor-widget-spacer\" data-id=\"09771e5\" data-element_type=\"widget\" data-widget_type=\"spacer.default\">\n\t\t\t\t<div class=\"elementor-widget-container\">\n\t\t\t\t\t<div class=\"elementor-spacer\">\n\t\t\t<div class=\"elementor-spacer-inner\"><\/div>\n\t\t<\/div>\n\t\t\t\t<\/div>\n\t\t\t\t<\/div>\n\t\t\t\t<div class=\"elementor-element elementor-element-1d9ab99c elementor-widget elementor-widget-heading\" data-id=\"1d9ab99c\" data-element_type=\"widget\" data-widget_type=\"heading.default\">\n\t\t\t\t<div class=\"elementor-widget-container\">\n\t\t\t<h2 class=\"elementor-heading-title elementor-size-default\">Tu Registro Comercial se ha enviado correctamente a&nbsp;.<\/h2>\t\t<\/div>\n\t\t\t\t<\/div>\n\t\t\t\t<div class=\"elementor-element elementor-element-8231eee elementor-widget elementor-widget-text-editor\" data-id=\"8231eee\" data-element_type=\"widget\" data-widget_type=\"text-editor.default\">\n\t\t\t\t<div class=\"elementor-widget-container\">\n\t\t\t\t\t\t\t<p>Una vez aprobada tu inscripci\u00f3n, recibir\u00e1s un correo electr\u00f3nico con tu entrada de cortes\u00eda v\u00e1lida para el &#8220;D\u00eda del Comercio&#8221; oficial, el viernes 2 de febrero.<\/p>\n<p>\u00a1Esperamos verte en la Exposici\u00f3n de Dise\u00f1o y Remodelaci\u00f3n de Viviendas de Fort Lauderdale!<\/p>\n\t\t\t\t\t\t<\/div>\n\t\t\t\t<\/div>\n\t\t\t\t<div class=\"elementor-element elementor-element-01fb3a2 elementor-widget elementor-widget-heading\" data-id=\"01fb3a2\" data-element_type=\"widget\" data-widget_type=\"heading.default\">\n\t\t\t\t<div class=\"elementor-widget-container\">\n\t\t\t<h3 class=\"elementor-heading-title elementor-size-default\">S\u00edguenos<\/h3>\t\t<\/div>\n\t\t\t\t<\/div>\n\t\t\t\t<div class=\"elementor-element elementor-element-bd7064f elementor-shape-rounded elementor-grid-0 e-grid-align-center elementor-widget elementor-widget-social-icons\" data-id=\"bd7064f\" data-element_type=\"widget\" data-widget_type=\"social-icons.default\">\n\t\t\t\t<div class=\"elementor-widget-container\">\n\t\t\t\t\t<div class=\"elementor-social-icons-wrapper elementor-grid\">\n\t\t\t\t\t\t\t<span class=\"elementor-grid-item\">\n\t\t\t\t\t<a class=\"elementor-icon elementor-social-icon elementor-social-icon-instagram elementor-repeater-item-75ab16e\" href=\"https:\/\/www.instagram.com\/flhomeshows\" target=\"_blank\">\n\t\t\t\t\t\t<span class=\"elementor-screen-only\">Instagram<\/span>\n\t\t\t\t\t\t<i class=\"fab fa-instagram\"><\/i>\t\t\t\t\t<\/a>\n\t\t\t\t<\/span>\n\t\t\t\t\t\t\t<span class=\"elementor-grid-item\">\n\t\t\t\t\t<a class=\"elementor-icon elementor-social-icon elementor-social-icon-facebook-square elementor-repeater-item-7477a00\" href=\"https:\/\/www.facebook.com\/FLHomeShows\/\" target=\"_blank\">\n\t\t\t\t\t\t<span class=\"elementor-screen-only\">Facebook-square<\/span>\n\t\t\t\t\t\t<i class=\"fab fa-facebook-square\"><\/i>\t\t\t\t\t<\/a>\n\t\t\t\t<\/span>\n\t\t\t\t\t\t\t<span class=\"elementor-grid-item\">\n\t\t\t\t\t<a class=\"elementor-icon elementor-social-icon elementor-social-icon-twitter elementor-repeater-item-2533f9d\" href=\"https:\/\/twitter.com\/FLHomeShows\" target=\"_blank\">\n\t\t\t\t\t\t<span class=\"elementor-screen-only\">Twitter<\/span>\n\t\t\t\t\t\t<i class=\"fab fa-twitter\"><\/i>\t\t\t\t\t<\/a>\n\t\t\t\t<\/span>\n\t\t\t\t\t\t\t<span class=\"elementor-grid-item\">\n\t\t\t\t\t<a class=\"elementor-icon elementor-social-icon elementor-social-icon-youtube elementor-repeater-item-50b2c40\" href=\"http:\/\/www.youtube.com\/flhomeshows\" target=\"_blank\">\n\t\t\t\t\t\t<span class=\"elementor-screen-only\">Youtube<\/span>\n\t\t\t\t\t\t<i class=\"fab fa-youtube\"><\/i>\t\t\t\t\t<\/a>\n\t\t\t\t<\/span>\n\t\t\t\t\t\t\t<span class=\"elementor-grid-item\">\n\t\t\t\t\t<a class=\"elementor-icon elementor-social-icon elementor-social-icon-pinterest-p elementor-repeater-item-4450bdc\" href=\"https:\/\/www.pinterest.com\/flhomeshows\/\" target=\"_blank\">\n\t\t\t\t\t\t<span class=\"elementor-screen-only\">Pinterest-p<\/span>\n\t\t\t\t\t\t<i class=\"fab fa-pinterest-p\"><\/i>\t\t\t\t\t<\/a>\n\t\t\t\t<\/span>\n\t\t\t\t\t\t\t<span class=\"elementor-grid-item\">\n\t\t\t\t\t<a class=\"elementor-icon elementor-social-icon elementor-social-icon-linkedin elementor-repeater-item-de6566a\" href=\"https:\/\/www.linkedin.com\/company\/flhomeshows\" target=\"_blank\">\n\t\t\t\t\t\t<span class=\"elementor-screen-only\">Linkedin<\/span>\n\t\t\t\t\t\t<i class=\"fab fa-linkedin\"><\/i>\t\t\t\t\t<\/a>\n\t\t\t\t<\/span>\n\t\t\t\t\t<\/div>\n\t\t\t\t<\/div>\n\t\t\t\t<\/div>\n\t\t\t\t<div class=\"elementor-element elementor-element-820fe2d elementor-widget elementor-widget-html\" data-id=\"820fe2d\" data-element_type=\"widget\" data-widget_type=\"html.default\">\n\t\t\t\t<div class=\"elementor-widget-container\">\n\t\t\t<div style=\"opacity: 0;\"> \nhttps:\/\/jelly.mdhv.io\/v1\/star.gif?pid=KiFiEquZ9rByjoHsNbF9ue8TKiad&amp;src=mh&amp;evt=hi\n <\/div>\t\t<\/div>\n\t\t\t\t<\/div>\n\t\t\t\t<div class=\"elementor-element elementor-element-980f06f elementor-widget elementor-widget-spacer\" data-id=\"980f06f\" data-element_type=\"widget\" data-widget_type=\"spacer.default\">\n\t\t\t\t<div class=\"elementor-widget-container\">\n\t\t\t\t\t<div class=\"elementor-spacer\">\n\t\t\t<div class=\"elementor-spacer-inner\"><\/div>\n\t\t<\/div>\n\t\t\t\t<\/div>\n\t\t\t\t<\/div>\n\t\t\t\t\t<\/div>\n\t\t<\/div>\n\t\t\t\t\t<\/div>\n\t\t<\/section>\n\t\t\t\t<\/div>\n\t\t","protected":false},"excerpt":{"rendered":"<p>Tu Registro Comercial se ha enviado correctamente a&nbsp;. Una vez aprobada tu inscripci\u00f3n, recibir\u00e1s un correo electr\u00f3nico con tu entrada de cortes\u00eda v\u00e1lida para el &#8220;D\u00eda del Comercio&#8221; oficial, el [&hellip;]<\/p>\n","protected":false},"author":3,"featured_media":0,"parent":0,"menu_order":0,"comment_status":"closed","ping_status":"closed","template":"","meta":{"_acf_changed":false,"content-type":"","_mo_disable_npp":"","footnotes":""},"class_list":["post-27504","page","type-page","status-publish","hentry"],"acf":[],"yoast_head":"<!-- This site is optimized with the Yoast SEO plugin v25.5 - https:\/\/yoast.com\/wordpress\/plugins\/seo\/ -->\n<title>Formulario de agradecimiento de inscripci\u00f3n comercial | Home Shows Florida<\/title>\n<meta name=\"description\" content=\"Gracias por enviar tu inscripci\u00f3n a la Feria de Dise\u00f1o y Remodelaci\u00f3n del Hogar. El l\u00edder del dise\u00f1o y la mejora del hogar en Florida.\" \/>\n<meta name=\"robots\" content=\"noindex, nofollow\" \/>\n<meta property=\"og:locale\" content=\"es_ES\" \/>\n<meta property=\"og:type\" content=\"article\" \/>\n<meta property=\"og:title\" content=\"Formulario de agradecimiento de inscripci\u00f3n comercial | Home Shows Florida\" \/>\n<meta property=\"og:description\" content=\"Gracias por enviar tu inscripci\u00f3n a la Feria de Dise\u00f1o y Remodelaci\u00f3n del Hogar. El l\u00edder del dise\u00f1o y la mejora del hogar en Florida.\" \/>\n<meta property=\"og:url\" content=\"https:\/\/homeshows.com\/es\/registro-comercial-gracias\/\" \/>\n<meta property=\"og:site_name\" content=\"Home Shows\" \/>\n<meta property=\"article:modified_time\" content=\"2024-10-16T18:14:40+00:00\" \/>\n<meta name=\"twitter:card\" content=\"summary_large_image\" \/>\n<script type=\"application\/ld+json\" class=\"yoast-schema-graph\">{\"@context\":\"https:\/\/schema.org\",\"@graph\":[{\"@type\":\"WebPage\",\"@id\":\"https:\/\/homeshows.com\/es\/registro-comercial-gracias\/\",\"url\":\"https:\/\/homeshows.com\/es\/registro-comercial-gracias\/\",\"name\":\"Formulario de agradecimiento de inscripci\u00f3n comercial | Home Shows Florida\",\"isPartOf\":{\"@id\":\"https:\/\/homeshows.com\/#website\"},\"datePublished\":\"2022-01-10T20:01:02+00:00\",\"dateModified\":\"2024-10-16T18:14:40+00:00\",\"description\":\"Gracias por enviar tu inscripci\u00f3n a la Feria de Dise\u00f1o y Remodelaci\u00f3n del Hogar. El l\u00edder del dise\u00f1o y la mejora del hogar en Florida.\",\"breadcrumb\":{\"@id\":\"https:\/\/homeshows.com\/es\/registro-comercial-gracias\/#breadcrumb\"},\"inLanguage\":\"es\",\"potentialAction\":[{\"@type\":\"ReadAction\",\"target\":[\"https:\/\/homeshows.com\/es\/registro-comercial-gracias\/\"]}]},{\"@type\":\"BreadcrumbList\",\"@id\":\"https:\/\/homeshows.com\/es\/registro-comercial-gracias\/#breadcrumb\",\"itemListElement\":[{\"@type\":\"ListItem\",\"position\":1,\"name\":\"Home\",\"item\":\"https:\/\/homeshows.com\/\"},{\"@type\":\"ListItem\",\"position\":2,\"name\":\"Registro Comercial Gracias\"}]},{\"@type\":\"WebSite\",\"@id\":\"https:\/\/homeshows.com\/#website\",\"url\":\"https:\/\/homeshows.com\/\",\"name\":\"Home Shows\",\"description\":\"\",\"publisher\":{\"@id\":\"https:\/\/homeshows.com\/#organization\"},\"potentialAction\":[{\"@type\":\"SearchAction\",\"target\":{\"@type\":\"EntryPoint\",\"urlTemplate\":\"https:\/\/homeshows.com\/?s={search_term_string}\"},\"query-input\":{\"@type\":\"PropertyValueSpecification\",\"valueRequired\":true,\"valueName\":\"search_term_string\"}}],\"inLanguage\":\"es\"},{\"@type\":\"Organization\",\"@id\":\"https:\/\/homeshows.com\/#organization\",\"name\":\"Home Design and Remodeling Show\",\"url\":\"https:\/\/homeshows.com\/\",\"logo\":{\"@type\":\"ImageObject\",\"inLanguage\":\"es\",\"@id\":\"https:\/\/homeshows.com\/#\/schema\/logo\/image\/\",\"url\":\"https:\/\/homeshows.com\/wp-content\/uploads\/2020\/08\/Home-Shows-Placeholder-Img.png\",\"contentUrl\":\"https:\/\/homeshows.com\/wp-content\/uploads\/2020\/08\/Home-Shows-Placeholder-Img.png\",\"width\":410,\"height\":246,\"caption\":\"Home Design and Remodeling Show\"},\"image\":{\"@id\":\"https:\/\/homeshows.com\/#\/schema\/logo\/image\/\"},\"sameAs\":[\"https:\/\/www.linkedin.com\/company\/flhomeshows\"]}]}<\/script>\n<!-- \/ Yoast SEO plugin. -->","yoast_head_json":{"title":"Formulario de agradecimiento de inscripci\u00f3n comercial | Home Shows Florida","description":"Gracias por enviar tu inscripci\u00f3n a la Feria de Dise\u00f1o y Remodelaci\u00f3n del Hogar. El l\u00edder del dise\u00f1o y la mejora del hogar en Florida.","robots":{"index":"noindex","follow":"nofollow"},"og_locale":"es_ES","og_type":"article","og_title":"Formulario de agradecimiento de inscripci\u00f3n comercial | Home Shows Florida","og_description":"Gracias por enviar tu inscripci\u00f3n a la Feria de Dise\u00f1o y Remodelaci\u00f3n del Hogar. El l\u00edder del dise\u00f1o y la mejora del hogar en Florida.","og_url":"https:\/\/homeshows.com\/es\/registro-comercial-gracias\/","og_site_name":"Home Shows","article_modified_time":"2024-10-16T18:14:40+00:00","twitter_card":"summary_large_image","schema":{"@context":"https:\/\/schema.org","@graph":[{"@type":"WebPage","@id":"https:\/\/homeshows.com\/es\/registro-comercial-gracias\/","url":"https:\/\/homeshows.com\/es\/registro-comercial-gracias\/","name":"Formulario de agradecimiento de inscripci\u00f3n comercial | Home Shows Florida","isPartOf":{"@id":"https:\/\/homeshows.com\/#website"},"datePublished":"2022-01-10T20:01:02+00:00","dateModified":"2024-10-16T18:14:40+00:00","description":"Gracias por enviar tu inscripci\u00f3n a la Feria de Dise\u00f1o y Remodelaci\u00f3n del Hogar. El l\u00edder del dise\u00f1o y la mejora del hogar en Florida.","breadcrumb":{"@id":"https:\/\/homeshows.com\/es\/registro-comercial-gracias\/#breadcrumb"},"inLanguage":"es","potentialAction":[{"@type":"ReadAction","target":["https:\/\/homeshows.com\/es\/registro-comercial-gracias\/"]}]},{"@type":"BreadcrumbList","@id":"https:\/\/homeshows.com\/es\/registro-comercial-gracias\/#breadcrumb","itemListElement":[{"@type":"ListItem","position":1,"name":"Home","item":"https:\/\/homeshows.com\/"},{"@type":"ListItem","position":2,"name":"Registro Comercial Gracias"}]},{"@type":"WebSite","@id":"https:\/\/homeshows.com\/#website","url":"https:\/\/homeshows.com\/","name":"Home Shows","description":"","publisher":{"@id":"https:\/\/homeshows.com\/#organization"},"potentialAction":[{"@type":"SearchAction","target":{"@type":"EntryPoint","urlTemplate":"https:\/\/homeshows.com\/?s={search_term_string}"},"query-input":{"@type":"PropertyValueSpecification","valueRequired":true,"valueName":"search_term_string"}}],"inLanguage":"es"},{"@type":"Organization","@id":"https:\/\/homeshows.com\/#organization","name":"Home Design and Remodeling Show","url":"https:\/\/homeshows.com\/","logo":{"@type":"ImageObject","inLanguage":"es","@id":"https:\/\/homeshows.com\/#\/schema\/logo\/image\/","url":"https:\/\/homeshows.com\/wp-content\/uploads\/2020\/08\/Home-Shows-Placeholder-Img.png","contentUrl":"https:\/\/homeshows.com\/wp-content\/uploads\/2020\/08\/Home-Shows-Placeholder-Img.png","width":410,"height":246,"caption":"Home Design and Remodeling Show"},"image":{"@id":"https:\/\/homeshows.com\/#\/schema\/logo\/image\/"},"sameAs":["https:\/\/www.linkedin.com\/company\/flhomeshows"]}]}},"_links":{"self":[{"href":"https:\/\/homeshows.com\/es\/wp-json\/wp\/v2\/pages\/27504","targetHints":{"allow":["GET"]}}],"collection":[{"href":"https:\/\/homeshows.com\/es\/wp-json\/wp\/v2\/pages"}],"about":[{"href":"https:\/\/homeshows.com\/es\/wp-json\/wp\/v2\/types\/page"}],"author":[{"embeddable":true,"href":"https:\/\/homeshows.com\/es\/wp-json\/wp\/v2\/users\/3"}],"replies":[{"embeddable":true,"href":"https:\/\/homeshows.com\/es\/wp-json\/wp\/v2\/comments?post=27504"}],"version-history":[{"count":0,"href":"https:\/\/homeshows.com\/es\/wp-json\/wp\/v2\/pages\/27504\/revisions"}],"wp:attachment":[{"href":"https:\/\/homeshows.com\/es\/wp-json\/wp\/v2\/media?parent=27504"}],"curies":[{"name":"wp","href":"https:\/\/api.w.org\/{rel}","templated":true}]}}